{"id":452,"date":"2020-02-18T13:28:50","date_gmt":"2020-02-18T12:28:50","guid":{"rendered":"https:\/\/test.haciendalosarcos.de\/?page_id=452"},"modified":"2022-11-08T22:14:08","modified_gmt":"2022-11-08T21:14:08","slug":"impressum","status":"publish","type":"page","link":"https:\/\/haciendalosarcos.net\/es\/impressum\/","title":{"rendered":"DATENSCHUTZ"},"content":{"rendered":"<p>[et_pb_section fb_built=&#8220;1&#8243; custom_padding_last_edited=&#8220;on|phone&#8220; admin_label=&#8220;Fresh Ingredients&#8220; _builder_version=&#8220;4.16&#8243; background_color=&#8220;rgba(0,0,0,0.03)&#8220; custom_padding=&#8220;100px|0px|100px|0px&#8220; custom_padding_tablet=&#8220;100px|0px|100px|0px&#8220; custom_padding_phone=&#8220;50px|0px|50px|0px|false|false&#8220; global_colors_info=&#8220;{}&#8220;][et_pb_row _builder_version=&#8220;4.16&#8243; background_size=&#8220;initial&#8220; background_position=&#8220;top_left&#8220; background_repeat=&#8220;repeat&#8220; custom_padding=&#8220;27px|0px|27px|0px&#8220; custom_width_px=&#8220;1774px&#8220; global_colors_info=&#8220;{}&#8220;][et_pb_column type=&#8220;4_4&#8243; _builder_version=&#8220;4.16&#8243; custom_padding=&#8220;|||&#8220; global_colors_info=&#8220;{}&#8220; custom_padding__hover=&#8220;|||&#8220;][et_pb_text _builder_version=&#8220;4.16&#8243; text_font=&#8220;||||||||&#8220; header_font=&#8220;||||||||&#8220; header_3_font=&#8220;Montserrat|700||on|||||&#8220; header_3_text_color=&#8220;#bfbfbf&#8220; header_3_font_size=&#8220;14px&#8220; header_3_letter_spacing=&#8220;2px&#8220; header_3_line_height=&#8220;1.3em&#8220; background_size=&#8220;initial&#8220; background_position=&#8220;top_left&#8220; background_repeat=&#8220;repeat&#8220; text_orientation=&#8220;center&#8220; module_alignment=&#8220;center&#8220; custom_margin=&#8220;||12px|&#8220; custom_padding=&#8220;|||&#8220; animation_style=&#8220;slide&#8220; animation_direction=&#8220;bottom&#8220; saved_tabs=&#8220;all&#8220; locked=&#8220;off&#8220; global_colors_info=&#8220;{}&#8220; text_letter_spacing__hover=&#8220;0px&#8220; text_letter_spacing__hover_enabled=&#8220;0px&#8220; text_line_height__hover=&#8220;1.7em&#8220; text_line_height__hover_enabled=&#8220;1.7em&#8220; text_orientation__hover=&#8220;left&#8220; text_orientation__hover_enabled=&#8220;left&#8220; text_font_size__hover=&#8220;14px&#8220; text_font_size__hover_enabled=&#8220;14px&#8220; text_text_shadow_style__hover=&#8220;none&#8220; text_text_shadow_style__hover_enabled=&#8220;none&#8220; text_text_shadow_color__hover=&#8220;rgba(0,0,0,0.4)&#8220; text_text_shadow_color__hover_enabled=&#8220;rgba(0,0,0,0.4)&#8220; link_font_size__hover=&#8220;14px&#8220; link_font_size__hover_enabled=&#8220;14px&#8220; link_letter_spacing__hover=&#8220;0px&#8220; link_letter_spacing__hover_enabled=&#8220;0px&#8220; link_line_height__hover=&#8220;1em&#8220; link_line_height__hover_enabled=&#8220;1em&#8220; link_text_shadow_style__hover=&#8220;none&#8220; link_text_shadow_style__hover_enabled=&#8220;none&#8220; link_text_shadow_color__hover=&#8220;rgba(0,0,0,0.4)&#8220; link_text_shadow_color__hover_enabled=&#8220;rgba(0,0,0,0.4)&#8220; ul_font_size__hover=&#8220;14px&#8220; ul_font_size__hover_enabled=&#8220;14px&#8220; ul_letter_spacing__hover=&#8220;0px&#8220; ul_letter_spacing__hover_enabled=&#8220;0px&#8220; ul_line_height__hover=&#8220;1em&#8220; ul_line_height__hover_enabled=&#8220;1em&#8220; ul_text_shadow_style__hover=&#8220;none&#8220; ul_text_shadow_style__hover_enabled=&#8220;none&#8220; ul_text_shadow_color__hover=&#8220;rgba(0,0,0,0.4)&#8220; ul_text_shadow_color__hover_enabled=&#8220;rgba(0,0,0,0.4)&#8220; ol_font_size__hover=&#8220;14px&#8220; ol_font_size__hover_enabled=&#8220;14px&#8220; ol_letter_spacing__hover=&#8220;0px&#8220; ol_letter_spacing__hover_enabled=&#8220;0px&#8220; ol_line_height__hover=&#8220;1em&#8220; ol_line_height__hover_enabled=&#8220;1em&#8220; ol_text_shadow_style__hover=&#8220;none&#8220; ol_text_shadow_style__hover_enabled=&#8220;none&#8220; ol_text_shadow_color__hover=&#8220;rgba(0,0,0,0.4)&#8220; ol_text_shadow_color__hover_enabled=&#8220;rgba(0,0,0,0.4)&#8220; quote_font_size__hover=&#8220;14px&#8220; quote_font_size__hover_enabled=&#8220;14px&#8220; quote_letter_spacing__hover=&#8220;0px&#8220; quote_letter_spacing__hover_enabled=&#8220;0px&#8220; quote_line_height__hover=&#8220;1em&#8220; quote_line_height__hover_enabled=&#8220;1em&#8220; quote_text_shadow_style__hover=&#8220;none&#8220; quote_text_shadow_style__hover_enabled=&#8220;none&#8220; quote_text_shadow_color__hover=&#8220;rgba(0,0,0,0.4)&#8220; quote_text_shadow_color__hover_enabled=&#8220;rgba(0,0,0,0.4)&#8220; background_layout__hover=&#8220;light&#8220; background_layout__hover_enabled=&#8220;light&#8220;]<\/p>\n<h3>TRATAMOS SUS DATOS CON SERIEDAD<\/h3>\n<p>[\/et_pb_text][et_pb_divider show_divider=&#8220;off&#8220; _builder_version=&#8220;4.16&#8243; max_width=&#8220;60px&#8220; module_alignment=&#8220;center&#8220; custom_margin=&#8220;||10px|&#8220; saved_tabs=&#8220;all&#8220; locked=&#8220;off&#8220; global_colors_info=&#8220;{}&#8220;][\/et_pb_divider][et_pb_text disabled_on=&#8220;off|off|off&#8220; _builder_version=&#8220;4.16&#8243; text_font=&#8220;||||||||&#8220; header_font=&#8220;||||||||&#8220; header_2_font=&#8220;Playfair Display||||&#8220; header_2_line_height=&#8220;1.3em&#8220; background_size=&#8220;initial&#8220; background_position=&#8220;top_left&#8220; background_repeat=&#8220;repeat&#8220; text_orientation=&#8220;center&#8220; global_colors_info=&#8220;{}&#8220; header_font_size__hover=&#8220;30px&#8220; header_font_size__hover_enabled=&#8220;30px&#8220; header_letter_spacing__hover=&#8220;0px&#8220; header_letter_spacing__hover_enabled=&#8220;0px&#8220; header_text_shadow_style__hover=&#8220;none&#8220; header_text_shadow_style__hover_enabled=&#8220;none&#8220; header_text_shadow_color__hover=&#8220;rgba(0,0,0,0.4)&#8220; header_text_shadow_color__hover_enabled=&#8220;rgba(0,0,0,0.4)&#8220;]<\/p>\n<h2>Protecci\u00f3n de datos<\/h2>\n<p>[\/et_pb_text][et_pb_text _builder_version=&#8220;4.16&#8243; text_font=&#8220;Montserrat||||&#8220; text_text_color=&#8220;#939393&#8243; text_line_height=&#8220;1.8em&#8220; header_font=&#8220;||||&#8220; background_size=&#8220;initial&#8220; background_position=&#8220;top_left&#8220; background_repeat=&#8220;repeat&#8220; text_orientation=&#8220;center&#8220; max_width=&#8220;700px&#8220; module_alignment=&#8220;center&#8220; animation_style=&#8220;slide&#8220; animation_direction=&#8220;top&#8220; animation_intensity_slide=&#8220;4%&#8220; global_colors_info=&#8220;{}&#8220;]<\/p>\n<ol>\n<li><strong> Protecci\u00f3n de datos<\/strong><\/li>\n<\/ol>\n<p>La siguiente informaci\u00f3n ofrece un resumen sencillo de lo que ocurre con sus datos personales cuando visita nuestro sitio web. Un dato personal es cualquier dato por el que se le pueda identificar personalmente. Para obtener informaci\u00f3n m\u00e1s detallada sobre la protecci\u00f3n de datos, consulte nuestra pol\u00edtica de protecci\u00f3n de datos que aparece debajo de este texto.<\/p>\n<p>&nbsp;<\/p>\n<p><strong>Recopilaci\u00f3n de datos en nuestro sitio web<\/strong><\/p>\n<p><strong>\u00bfQui\u00e9n es el responsable de la recopilaci\u00f3n de datos en este sitio web?<\/strong><\/p>\n<p>El tratamiento de datos en este sitio web lo realiza el operador del mismo. Puede encontrar sus datos de contacto en el Aviso Legal de este sitio web.<\/p>\n<p>&nbsp;<\/p>\n<p><strong>\u00bfC\u00f3mo recopilamos sus datos?<\/strong><\/p>\n<p>Por un lado, sus datos se recopilan cuando usted nos los proporciona. Pueden ser, por ejemplo, los datos que usted introduce en un formulario de contacto.<\/p>\n<p>Otros datos son recogidos autom\u00e1ticamente por nuestros sistemas inform\u00e1ticos cuando usted visita la p\u00e1gina web. Se trata principalmente de datos t\u00e9cnicos (por ejemplo, el navegador de internet, el sistema operativo o la hora de visualizaci\u00f3n de la p\u00e1gina). Estos datos se recogen autom\u00e1ticamente en cuanto usted entra en nuestra p\u00e1gina web.<\/p>\n<p>&nbsp;<\/p>\n<p><strong>\u00bfPara qu\u00e9 utilizamos sus datos?<\/strong><\/p>\n<p>Algunos de los datos se recopilan para garantizar el suministro correcto del sitio web. Otros datos pueden utilizarse para analizar su comportamiento como usuario.<\/p>\n<p><strong>\u00a0<\/strong><\/p>\n<p>\u00bf<strong>Qu\u00e9 derechos tiene usted sobre sus datos?<\/strong><\/p>\n<p>Tiene derecho a recibir en cualquier momento informaci\u00f3n gratuita sobre el origen, el destinatario y la finalidad de sus datos personales. Tambi\u00e9n tiene derecho a solicitar la correcci\u00f3n, el bloqueo o la supresi\u00f3n de estos datos. Puede ponerse en contacto con nosotros en cualquier momento en la direcci\u00f3n indicada en el Aviso Legal para este fin y para otras preguntas sobre el tema de la protecci\u00f3n de datos. Adem\u00e1s, tiene derecho a presentar una reclamaci\u00f3n ante la autoridad de control competente.<\/p>\n<p>&nbsp;<\/p>\n<p><strong>Herramientas de an\u00e1lisis y de proveedores terceros<\/strong><\/p>\n<p>Cuando usted visita nuestro sitio web, su comportamiento de navegaci\u00f3n puede ser analizado estad\u00edsticamente. Esto se hace principalmente con cookies y los llamados programas de an\u00e1lisis. El an\u00e1lisis de su comportamiento de navegaci\u00f3n suele ser an\u00f3nimo; el comportamiento de navegaci\u00f3n no puede ser rastreado hasta usted. Usted puede oponerse a este an\u00e1lisis o impedirlo no utilizando determinadas herramientas. Encontrar\u00e1 informaci\u00f3n detallada al respecto en la siguiente declaraci\u00f3n de protecci\u00f3n de datos.<\/p>\n<p>Puede rechazar este an\u00e1lisis. Le informaremos sobre las posibilidades de objeci\u00f3n en esta declaraci\u00f3n de protecci\u00f3n de datos.<\/p>\n<p>&nbsp;<\/p>\n<ol start=\"2\">\n<li><strong> Advertencias generales e informaciones obligatorias<\/strong><\/li>\n<\/ol>\n<p><strong>Protecci\u00f3n de datos<\/strong><\/p>\n<p>Los operadores de estas p\u00e1ginas se toman muy en serio la protecci\u00f3n de sus datos personales. Tratamos sus datos personales de forma confidencial y de acuerdo con las normas legales de protecci\u00f3n de datos y la presente declaraci\u00f3n de protecci\u00f3n de datos.<\/p>\n<p>Cuando usted utiliza este sitio web, se recopilan varios datos personales. Los datos personales son aquellos por los que se le puede identificar personalmente. Esta pol\u00edtica de privacidad explica qu\u00e9 informaci\u00f3n recogemos y c\u00f3mo la utilizamos. Tambi\u00e9n explica c\u00f3mo y para qu\u00e9 se hace.<\/p>\n<p>Nos gustar\u00eda se\u00f1alar que la transmisi\u00f3n de datos en Internet (por ejemplo, cuando se comunica por correo electr\u00f3nico) puede presentar lagunas de seguridad. No es posible una protecci\u00f3n completa de los datos contra el acceso de terceros.<\/p>\n<p><strong>\u00a0<\/strong><\/p>\n<p><strong>Responsable del tratamiento<\/strong><\/p>\n<p>El responsable del tratamiento de datos en este sitio web es:<\/p>\n<p><strong>Rudolf Ballauf, E-29649 Mijas Costa, Diseminado de Entrerrios 118\/120, Prov. M\u00e1laga \/ Espa\u00f1a, Apartado de correos Buz\u00f3n n\u00ba 592\u00a0<\/strong><\/p>\n<p>El responsable del tratamiento es la persona f\u00edsica o jur\u00eddica que, sola o conjuntamente con otras, determina los fines y los medios del tratamiento de los datos personales (por ejemplo, nombres, direcciones de correo electr\u00f3nico, etc.).<\/p>\n<p>&nbsp;<\/p>\n<p><strong>Revocaci\u00f3n de su consentimiento para el tratamiento de datos<\/strong><\/p>\n<p>Muchas operaciones de tratamiento de datos s\u00f3lo son posibles con su consentimiento expreso. Puede revocar en cualquier momento el consentimiento ya proporcionado. S\u00f3lo tiene que enviarnos un correo electr\u00f3nico informal. La legalidad del tratamiento de datos realizado hasta la revocaci\u00f3n no se ve afectada por \u00e9sta.<\/p>\n<p><strong>Derecho de oposici\u00f3n ante la autoridad de control competente<\/strong><\/p>\n<p>En caso de infracci\u00f3n de la ley de protecci\u00f3n de datos, el interesado tiene derecho a reclamar ante la autoridad de control competente. La autoridad de control competente en materia de ley de protecci\u00f3n de datos es el Supervisor de Protecci\u00f3n de Datos del Estado Federado del domicilio de nuestra empresa. La lista de responsables de la protecci\u00f3n de datos y sus datos de contacto se encuentra en el siguiente enlace: https:\/\/www.bfdi.bund.de\/DE\/Infothek\/Anschriften_Links\/anschriften_links-node.html.<\/p>\n<p><strong>Derecho a la portabilidad de los datos<\/strong><\/p>\n<p>Tiene derecho a que los datos que tratamos autom\u00e1ticamente sobre la base de su consentimiento o en cumplimiento de un contrato le sean entregados a usted o a un tercero en un formato com\u00fan y legible por m\u00e1quina. Si solicita la transferencia directa de los datos a otro responsable, ello s\u00f3lo se har\u00e1 en la medida en que sea t\u00e9cnicamente posible.<\/p>\n<p>&nbsp;<\/p>\n<p><strong>Cifrado SSL o TLS<\/strong><\/p>\n<p>Por razones de seguridad y para proteger la transmisi\u00f3n de contenido confidencial, como los pedidos o las consultas que usted nos env\u00ede a nosotros como operadores del sitio, este sitio utiliza el cifrado SSL o TLS. Puede reconocer una conexi\u00f3n encriptada por el hecho de que la l\u00ednea de direcci\u00f3n del navegador cambia de &#8222;http:\/\/&#8220; a &#8222;https:\/\/&#8220; y por el s\u00edmbolo del candado en la l\u00ednea del navegador.<\/p>\n<p>Si el cifrado SSL o TLS est\u00e1 activado, los datos que nos transmita no podr\u00e1n ser le\u00eddos por terceros.<\/p>\n<p><strong>Informaci\u00f3n, bloqueo, supresi\u00f3n<\/strong><\/p>\n<p>En el marco de las disposiciones legales aplicables, tiene derecho en todo momento a la libre informaci\u00f3n sobre sus datos personales almacenados, su origen y destinatario y la finalidad del tratamiento de datos y, en su caso, el derecho a la rectificaci\u00f3n, bloqueo o supresi\u00f3n de estos datos. Para ello, as\u00ed como para otras preguntas sobre el tema de los datos personales, puede ponerse en contacto con nosotros en cualquier momento en la direcci\u00f3n indicada en el pie de imprenta.<\/p>\n<p><strong>Objeci\u00f3n a los correos electr\u00f3nicos publicitarios<\/strong><\/p>\n<p>Por la presente nos oponemos a la utilizaci\u00f3n de los datos de contacto publicados en el marco de la obligaci\u00f3n del pie de imprenta para el env\u00edo de material publicitario e informativo que no se haya solicitado expresamente. Los operadores de las p\u00e1ginas se reservan expresamente el derecho a emprender acciones legales en caso de env\u00edo no solicitado de informaci\u00f3n publicitaria, por ejemplo, mediante correo spam.<\/p>\n<ol start=\"3\">\n<li><strong> Responsable de la protecci\u00f3n de datos<\/strong><\/li>\n<\/ol>\n<p><strong>Responsable de la protecci\u00f3n de datos exigido por la ley<\/strong><\/p>\n<p>Hemos nombrado a un responsable de la protecci\u00f3n de datos para nuestra empresa:<\/p>\n<p><strong>Rudolf Ballauf, E-29649 Mijas Costa, Diseminado de Entrerrios 118\/120, Prov. M\u00e1laga \/ Espa\u00f1a, Apartado de correos Buz\u00f3n No 592<\/strong><\/p>\n<p><strong>\u00a0<\/strong><\/p>\n<ol start=\"4\">\n<li><strong> Recogida de datos en nuestro sitio web<\/strong><\/li>\n<\/ol>\n<p><strong>Cookies<\/strong><\/p>\n<p><span style=\"font-size: 17px;\">Este sitio web no establece cookies.<\/span><\/p>\n<p>&nbsp;<\/p>\n<p><strong>Archivos de registro del servidor<\/strong><\/p>\n<p>El proveedor de las p\u00e1ginas recoge y almacena autom\u00e1ticamente informaci\u00f3n en los llamados archivos de registro del servidor, que su navegador nos transmite autom\u00e1ticamente. Estos son:<\/p>\n<ul>\n<li>Tipo y versi\u00f3n del navegador<\/li>\n<li>Sistema operativo utilizado<\/li>\n<li>URL de referencia<\/li>\n<li>Nombre del host del ordenador de acceso<\/li>\n<li>Hora de la solicitud del servidor<\/li>\n<li>Direcci\u00f3n IP<\/li>\n<\/ul>\n<p>&nbsp;<\/p>\n<p>Estos datos no se fusionan con otras fuentes de datos.<\/p>\n<p>La base para el tratamiento de datos es el art\u00edculo 6, apartado 1, letra f del Reglamento de Protecci\u00f3n de Datos, que permite el tratamiento de datos para el cumplimiento de un contrato o de medidas precontractuales.<\/p>\n<p>&nbsp;<\/p>\n<p><strong>Formulario de contacto<\/strong><\/p>\n<p>Si nos env\u00eda una consulta a trav\u00e9s del formulario de contacto, sus datos del formulario de consulta, incluidos los datos de contacto que haya proporcionado all\u00ed, ser\u00e1n almacenados por nosotros con el fin de procesar la consulta y de su seguimiento en caso de preguntas. No transmitimos estos datos sin su consentimiento.<\/p>\n<p>Por lo tanto, el tratamiento de los datos introducidos en el formulario de contacto se basa exclusivamente en su consentimiento (art. 6, p\u00e1rr. 1 lit. a del Reglamento de Protecci\u00f3n de Datos). Puede revocar este consentimiento en cualquier momento. Para ello basta con un mensaje informal por correo electr\u00f3nico dirigido a nosotros. La legalidad de las operaciones de tratamiento de datos realizadas hasta la revocaci\u00f3n no se ve afectada por \u00e9sta.<\/p>\n<p>Los datos que usted introduzca en el formulario de contacto permanecer\u00e1n con nosotros hasta que nos solicite que los eliminemos, revoque su consentimiento para almacenarlos o el prop\u00f3sito de almacenar los datos ya no sea aplicable (por ejemplo, despu\u00e9s de que hayamos terminado de procesar su solicitud). Las disposiciones legales obligatorias -en particular los per\u00edodos de conservaci\u00f3n- no se ven afectadas.<\/p>\n<p>&nbsp;<\/p>\n<ol start=\"5\">\n<li><strong> Plugins y herramientas<\/strong><\/li>\n<\/ol>\n<p><strong>Fuentes web de Google (alojamiento local)<\/strong><\/p>\n<p>Este sitio utiliza las llamadas fuentes web proporcionadas por Google para la visualizaci\u00f3n uniforme de las fuentes. Cuando accede a una p\u00e1gina, su navegador carga las fuentes requeridas en la memoria cach\u00e9 de su navegador para mostrar el texto y las fuentes correctamente.<\/p>\n<p>Las fuentes web de Google est\u00e1n instaladas localmente en nuestro alojamiento. No hay conexi\u00f3n a servidores externos.<\/p>\n<p><strong>Google Maps<\/strong><\/p>\n<p>Este sitio web no utiliza el servicio de Google Maps.<\/p>\n<p><strong>\u00a0<\/strong><\/p>\n<p>&nbsp;<\/p>\n<p>&nbsp;<\/p>\n<p>&nbsp;<\/p>\n<p>&nbsp;<\/p>\n<p>&nbsp;<\/p>\n<p>&nbsp;<\/p>\n<p>&nbsp;<\/p>\n<p>[\/et_pb_text][\/et_pb_column][\/et_pb_row][\/et_pb_section]<\/p>\n","protected":false},"excerpt":{"rendered":"<p>TRATAMOS SUS DATOS CON SERIEDADProtecci\u00f3n de datos Protecci\u00f3n de datos La siguiente informaci\u00f3n ofrece un resumen sencillo de lo que ocurre con sus datos personales cuando visita nuestro sitio web. Un dato personal es cualquier dato por el que se le pueda identificar personalmente. Para obtener informaci\u00f3n m\u00e1s detallada sobre la protecci\u00f3n de datos, consulte [&hellip;]<\/p>\n","protected":false},"author":2,"featured_media":0,"parent":0,"menu_order":0,"comment_status":"closed","ping_status":"closed","template":"","meta":{"_et_pb_use_builder":"on","_et_pb_old_content":"","_et_gb_content_width":"","footnotes":""},"class_list":["post-452","page","type-page","status-publish","hentry"],"_links":{"self":[{"href":"https:\/\/haciendalosarcos.net\/es\/wp-json\/wp\/v2\/pages\/452","targetHints":{"allow":["GET"]}}],"collection":[{"href":"https:\/\/haciendalosarcos.net\/es\/wp-json\/wp\/v2\/pages"}],"about":[{"href":"https:\/\/haciendalosarcos.net\/es\/wp-json\/wp\/v2\/types\/page"}],"author":[{"embeddable":true,"href":"https:\/\/haciendalosarcos.net\/es\/wp-json\/wp\/v2\/users\/2"}],"replies":[{"embeddable":true,"href":"https:\/\/haciendalosarcos.net\/es\/wp-json\/wp\/v2\/comments?post=452"}],"version-history":[{"count":0,"href":"https:\/\/haciendalosarcos.net\/es\/wp-json\/wp\/v2\/pages\/452\/revisions"}],"wp:attachment":[{"href":"https:\/\/haciendalosarcos.net\/es\/wp-json\/wp\/v2\/media?parent=452"}],"curies":[{"name":"wp","href":"https:\/\/api.w.org\/{rel}","templated":true}]}}